{"id":134,"date":"2017-02-25T19:30:03","date_gmt":"2017-02-25T19:30:03","guid":{"rendered":"http:\/\/pikesite.de\/?page_id=134"},"modified":"2018-05-28T12:36:42","modified_gmt":"2018-05-28T12:36:42","slug":"agb","status":"publish","type":"page","link":"https:\/\/pikesite.de\/?page_id=134","title":{"rendered":"AGB"},"content":{"rendered":"<p class=\"Headline2\"><strong><span lang=\"EN-US\">ALLGEMEINE GESCH\u00c4FTSBEDINGUNGEN<\/span><\/strong><\/p>\n<p class=\"Headline2\">\u00a0<span lang=\"EN-US\">\u00a7 1 Geltungsbereich, Kundeninformationen<\/span><\/p>\n<p class=\"Paragraph\">Die folgenden allgemeinen Gesch\u00e4ftsbedingungen (AGB) regeln das Vertragsverh\u00e4ltnis zwischen Pikesite\u00ae Martin Fritsch und den Verbrauchern und Unternehmern, die \u00fcber unseren Shop\u00a0www.pikesite.de Waren kaufen. Entgegenstehende oder von unseren Gesch\u00e4ftsbedingungen abweichende Bedingungen werden von uns nicht anerkannt. Die Vertragssprache ist Deutsch.<\/p>\n<p class=\"Headline2\">\u00a0<span lang=\"EN-US\">\u00a7 2 Vertragsschluss<\/span><\/p>\n<p class=\"Paragraph\">\u00a0(1) Die Angebote im Internet stellen eine unverbindliche Aufforderung an Sie dar, Waren zu kaufen.<\/p>\n<p class=\"Paragraph\">\u00a0(2) Sie k\u00f6nnen ein oder mehrere Produkte in den Warenkorb legen. Im Laufe des Bestellprozesses geben Sie Ihre Daten und W\u00fcnsche bzgl. Zahlungsart, Liefermodalit\u00e4ten etc. ein. Erst mit dem Anklicken des Bestellbuttons geben Sie ein verbindliches Angebot auf Abschluss eines Kaufvertrags ab.<\/p>\n<p class=\"Paragraph\">\u00a0(3) Mit der unverz\u00fcglich per E-Mail versandten Zugangsbest\u00e4tigung wird gleichzeitig auch die Annahme des Angebots erkl\u00e4rt und der Kaufvertrag damit abgeschlossen.<\/p>\n<p class=\"Headline2\">\u00a0<span lang=\"EN-US\">\u00a7 3 Kundeninformation: Speicherung Ihrer Bestelldaten<\/span><\/p>\n<p class=\"Paragraph\">\u00a0Ihre Bestellung mit Einzelheiten zum geschlossenen Vertrag (z.B. Art des Produkts, Preis etc.) wird von uns gespeichert. Die AGB schicken wir Ihnen zu, Sie k\u00f6nnen die AGB aber auch nach Vertragsschluss jederzeit \u00fcber unsere Webseite aufrufen. Als registrierter Kunde k\u00f6nnen Sie auf Ihre vergangenen Bestellungen \u00fcber den Kunden LogIn-Bereich ( My Account) zugreifen.<\/p>\n<p class=\"Headline2\">\u00a0<span lang=\"EN-US\">\u00a7 4 Kundeninformation: Korrekturhinweis<\/span><\/p>\n<p class=\"Paragraph\">\u00a0Sie k\u00f6nnen Ihre Eingaben vor Abgabe der Bestellung jederzeit mit der L\u00f6schtaste berichtigen. Wir informieren Sie auf dem Weg durch den Bestellprozess \u00fcber weitere Korrekturm\u00f6glichkeiten. Den Bestellprozess k\u00f6nnen Sie auch jederzeit durch Schlie\u00dfen des Browser-Fensters komplett beenden.<\/p>\n<p class=\"Headline2\">\u00a0<span lang=\"EN-US\">\u00a7 5 Eigentumsvorbehalt<\/span><\/p>\n<p class=\"Paragraph\">\u00a0Der Kaufgegenstand bleibt bis zur vollst\u00e4ndigen Bezahlung unser Eigentum.<\/p>\n<p class=\"Headline2\"><span lang=\"EN-US\">\u00a7 6 Gew\u00e4hrleistung<\/span><\/p>\n<p class=\"Paragraph\">\u00a0F\u00fcr unsere Waren bestehen gesetzliche M\u00e4ngelhaftungsrechte.<\/p>\n<p><strong>Online-Streitschlichtungsplattform<\/strong><\/p>\n<div>Die EU-Kommission stellt eine Plattform f\u00fcr au\u00dfergerichtliche Streitschlichtung<\/div>\n<div>bereit. Verbrauchern gibt dies die M\u00f6glichkeit, Streitigkeiten im<\/div>\n<div>Zusammenhang mit ihrer Online-Bestellung zun\u00e4chst au\u00dfergerichtlich zu<\/div>\n<div>kl\u00e4ren. Die Streitbeilegungs Plattform finden Sie hier:<\/div>\n<div><\/div>\n<div><a href=\"https:\/\/ec.europa.eu\/consumers\/odr\/\">https:\/\/ec.europa.eu\/consumers\/odr\/<\/a><\/div>\n<div><\/div>\n<div>Unsere E-Mail f\u00fcr Verbraucherbeschwerden lautet: info@pikesite.de<\/div>\n<div><\/div>\n<div class=\"woocommerce woocommerce-gzd woocommerce-gzd-complaints-shortcode\">\n\t\t\t<h3>Alternative Streitbeilegung gem\u00e4\u00df Art. 14 Abs. 1 ODR-VO und \u00a7 36 VSBG:<\/h3>\n\t\nDie Europ\u00e4ische Kommission stellt eine Plattform zur Online-Streitbeilegung (OS) bereit, die du unter https:\/\/ec.europa.eu\/consumers\/odr\/ findest.<\/div>\n","protected":false},"excerpt":{"rendered":"<p>ALLGEMEINE GESCH\u00c4FTSBEDINGUNGEN \u00a0\u00a7 1 Geltungsbereich, Kundeninformationen Die folgenden allgemeinen Gesch\u00e4ftsbedingungen (AGB) regeln das Vertragsverh\u00e4ltnis zwischen Pikesite\u00ae Martin Fritsch und den Verbrauchern und Unternehmern, die \u00fcber unseren Shop\u00a0www.pikesite.de Waren kaufen. Entgegenstehende oder von unseren Gesch\u00e4ftsbedingungen abweichende Bedingungen werden von uns nicht anerkannt. Die Vertragssprache ist Deutsch. \u00a0\u00a7 2 Vertragsschluss \u00a0(1) Die Angebote im Internet stellen eine <a class=\"read-more\" href=\"https:\/\/pikesite.de\/?page_id=134\">Read More<\/a><\/p>\n","protected":false},"author":1,"featured_media":0,"parent":0,"menu_order":0,"comment_status":"closed","ping_status":"closed","template":"","meta":{"footnotes":""},"class_list":["post-134","page","type-page","status-publish","hentry"],"_links":{"self":[{"href":"https:\/\/pikesite.de\/index.php?rest_route=\/wp\/v2\/pages\/134","targetHints":{"allow":["GET"]}}],"collection":[{"href":"https:\/\/pikesite.de\/index.php?rest_route=\/wp\/v2\/pages"}],"about":[{"href":"https:\/\/pikesite.de\/index.php?rest_route=\/wp\/v2\/types\/page"}],"author":[{"embeddable":true,"href":"https:\/\/pikesite.de\/index.php?rest_route=\/wp\/v2\/users\/1"}],"replies":[{"embeddable":true,"href":"https:\/\/pikesite.de\/index.php?rest_route=%2Fwp%2Fv2%2Fcomments&post=134"}],"version-history":[{"count":9,"href":"https:\/\/pikesite.de\/index.php?rest_route=\/wp\/v2\/pages\/134\/revisions"}],"predecessor-version":[{"id":871,"href":"https:\/\/pikesite.de\/index.php?rest_route=\/wp\/v2\/pages\/134\/revisions\/871"}],"wp:attachment":[{"href":"https:\/\/pikesite.de\/index.php?rest_route=%2Fwp%2Fv2%2Fmedia&parent=134"}],"curies":[{"name":"wp","href":"https:\/\/api.w.org\/{rel}","templated":true}]}}